{"id":3,"date":"2009-08-09T22:27:01","date_gmt":"2009-08-09T20:27:01","guid":{"rendered":"http:\/\/www.lidomarini.net\/?page_id=3"},"modified":"2019-10-18T13:16:31","modified_gmt":"2019-10-18T11:16:31","slug":"lido-marini","status":"publish","type":"page","link":"https:\/\/www.lidomarini.net\/","title":{"rendered":"Lido Marini"},"content":{"rendered":"<p>Nel tratto di costa ionica che da Santa Maria di Leuca porta a Gallipoli, si incontrano olte localit\u00e0 apprezzate dai turisti in cerca di luoghi incantevoli in cui trascorrere le vacanze nel Salento. Tra Torre Pali e Torre Mozza incontriamo <strong>Lido <img loading=\"lazy\" decoding=\"async\" class=\"alignleft size-medium wp-image-53\" style=\"border: 1px solid black; margin: 9px;\" title=\"lido-marini-04\" src=\"https:\/\/www.lidomarini.net\/wp-content\/uploads\/2009\/08\/lido-marini-04-300x200.jpg\" alt=\"lido-marini-04\" width=\"300\" height=\"200\" srcset=\"https:\/\/www.lidomarini.net\/wp-content\/uploads\/2009\/08\/lido-marini-04-300x200.jpg 300w, https:\/\/www.lidomarini.net\/wp-content\/uploads\/2009\/08\/lido-marini-04.jpg 599w\" sizes=\"auto, (max-width: 300px) 100vw, 300px\" \/>Marini<\/strong>, una delle prime <strong>marine di Ugento<\/strong>, bella localit\u00e0 balneare caratterizzata da una splendida distesa di sabbia fine. La localit\u00e0 da pochi anni ha dimostrato la sua vocazione a diventare&nbsp; un centro di attrazione per i turisti ed in questo senso sono nate sul territorio le strutture per offrire agli ospiti ogni genere di servizio.<br \/>\nIl tratto di costa a <strong>LidoMarini<\/strong> \u00e8 caratterizzato dalla lunga serie di spiagge di sabbia, fine e dorata e di fondali bassi in un mare limpido e cristallino che non hanno nulla da invidiare a certe blasonate spiagge caraibiche. Per le sue caratteristiche di dolcezza e facile accesso la localit\u00e0 \u00e8 particolarmente adatta per chi si reca in vacanza con la famiglia e se ci sono bambini, che possono in sicurezza nuotare e divertirsi. Intorno all&#8217;area delle spiagge sono sorti complessi alberghieri e residenziali che hanno di molto aumentato la capacit\u00e0 ricettiva del territorio.<\/p>\n<p>Tra queste, oltre ai residence ed agli hotel, i bed&amp;breakfast e gli appartamenti in affitto che si affacciano direttamente sul mare a pochi passi dalle spiagge, si segnalano nell&#8217;entroterra una serie di incantevoli agriturismi, alcuni nati all&#8217;interno di antiche masserie di origine medievale. Oltre ai vantaggi di poter dormire nell&#8217;incantevole panorama della campagna salentina, l&#8217;agriturismo vi propone a tavola i prodotti locali del territorio, particolarmente ricco per quanto riguarda la produzione di vino, olio extravergine ortaggi e frutta.<br \/>\nLa temperatura \u00e8 di qualche grado pi\u00f9 alta rispetto al versante Adriatico ed il paesaggio ha perso le asperit\u00e0 che caratterizzano la zona di Santa aria di Leuca con le sue scogliere a picco sul mare.<br \/>\nDa Lido Marini ci si pu\u00f2 recare in escursione nelle belle cittadine dell&#8217;entroterra, da Alliste, in cui visitare il Castello, a <img loading=\"lazy\" decoding=\"async\" class=\"alignleft\" style=\"border: 1px solid black; margin: 9px;\" title=\"lido-marini-08\" src=\"..\/wp-content\/uploads\/2009\/08\/lido-marini-08-300x200.jpg\" alt=\"lido-marini-08\" width=\"300\" height=\"200\">Ugento, citt\u00e0 antichissima fondata dagli Iapigi Messapi e importantissimo centro urbano della Magna Grecia, ricca di monumenti interessanti, il Castello e la Cattedrale tra questi. E se si vuole provare altre magnifiche spiagge poco distanti dalla vostra sistemazione a Lido Marini non c&#8217;\u00e8 che l&#8217;imbarazzo della scelta, dal bel Lido di Torre San Giovanni, un&#8217;altra delle marine di Ugento, con l&#8217;antichissimo borgo, a Torre Suda, particolarmente adatta per chi cerca pace e relax.<br \/>\nLido Marini \u00e8 facilmente raggiungibile in auto con l&#8217;Autostrada A14, percorrendo poi la superstrada che da Bari porta a Leuca ed uscendo a Torre Vado. Con il treno si raggiunge Lecce e da l\u00ec con le Ferrovie del Sud Est si arriva a Presicce, distante una decina di chilometri. D&#8217;estate c&#8217;\u00e8 un servizio di bus che porta direttamente nella localit\u00e0 turistica.<\/p>\n","protected":false},"excerpt":{"rendered":"<p>Nel tratto di costa ionica che da Santa Maria di Leuca porta a Gallipoli, si incontrano olte localit\u00e0 apprezzate dai turisti in cerca di luoghi incantevoli in cui trascorrere le vacanze nel Salento. Tra Torre Pali e Torre Mozza incontriamo &hellip; <a href=\"https:\/\/www.lidomarini.net\/\">Continua a leggere<span class=\"meta-nav\">&rarr;<\/span><\/a><\/p>\n","protected":false},"author":4,"featured_media":0,"parent":0,"menu_order":0,"comment_status":"closed","ping_status":"closed","template":"sidebar-page.php","meta":{"footnotes":""},"class_list":["post-3","page","type-page","status-publish","hentry"],"yoast_head":"<!-- This site is optimized with the Yoast SEO plugin v26.3 - https:\/\/yoast.com\/wordpress\/plugins\/seo\/ -->\n<title>Lido Marini<\/title>\n<meta name=\"description\" content=\"Nel tratto di costa ionica che da Santa Maria di Leuca porta a Gallipoli, si incontrano olte localit\u00e0 apprezzate dai turisti in cerca di luoghi incantevoli in cui trascorrere le vacanze nel Salento. Tra Torre Pali e Torre Mozza incontriamo Lido Marini, una delle prime marine di Ugento, bella localit\u00e0 balneare caratterizzata da una splendida distesa di sabbia fine.\" \/>\n<meta name=\"robots\" content=\"index, follow, max-snippet:-1, max-image-preview:large, max-video-preview:-1\" \/>\n<link rel=\"canonical\" href=\"https:\/\/www.lidomarini.net\/\" \/>\n<meta property=\"og:locale\" content=\"it_IT\" \/>\n<meta property=\"og:type\" content=\"article\" \/>\n<meta property=\"og:title\" content=\"Lido Marini\" \/>\n<meta property=\"og:description\" content=\"Nel tratto di costa ionica che da Santa Maria di Leuca porta a Gallipoli, si incontrano olte localit\u00e0 apprezzate dai turisti in cerca di luoghi incantevoli in cui trascorrere le vacanze nel Salento. Tra Torre Pali e Torre Mozza incontriamo Lido Marini, una delle prime marine di Ugento, bella localit\u00e0 balneare caratterizzata da una splendida distesa di sabbia fine.\" \/>\n<meta property=\"og:url\" content=\"https:\/\/www.lidomarini.net\/\" \/>\n<meta property=\"og:site_name\" content=\"Lido Marini nel Salento\" \/>\n<meta property=\"article:modified_time\" content=\"2019-10-18T11:16:31+00:00\" \/>\n<meta property=\"og:image\" content=\"http:\/\/www.lidomarini.net\/wp-content\/uploads\/2009\/08\/lido-marini-04-300x200.jpg\" \/>\n<meta name=\"twitter:card\" content=\"summary_large_image\" \/>\n<meta name=\"twitter:label1\" content=\"Tempo di lettura stimato\" \/>\n\t<meta name=\"twitter:data1\" content=\"2 minuti\" \/>\n<script type=\"application\/ld+json\" class=\"yoast-schema-graph\">{\"@context\":\"https:\/\/schema.org\",\"@graph\":[{\"@type\":\"WebPage\",\"@id\":\"https:\/\/www.lidomarini.net\/\",\"url\":\"https:\/\/www.lidomarini.net\/\",\"name\":\"Lido Marini\",\"isPartOf\":{\"@id\":\"https:\/\/www.lidomarini.net\/#website\"},\"primaryImageOfPage\":{\"@id\":\"https:\/\/www.lidomarini.net\/#primaryimage\"},\"image\":{\"@id\":\"https:\/\/www.lidomarini.net\/#primaryimage\"},\"thumbnailUrl\":\"http:\/\/www.lidomarini.net\/wp-content\/uploads\/2009\/08\/lido-marini-04-300x200.jpg\",\"datePublished\":\"2009-08-09T20:27:01+00:00\",\"dateModified\":\"2019-10-18T11:16:31+00:00\",\"description\":\"Nel tratto di costa ionica che da Santa Maria di Leuca porta a Gallipoli, si incontrano olte localit\u00e0 apprezzate dai turisti in cerca di luoghi incantevoli in cui trascorrere le vacanze nel Salento. Tra Torre Pali e Torre Mozza incontriamo Lido Marini, una delle prime marine di Ugento, bella localit\u00e0 balneare caratterizzata da una splendida distesa di sabbia fine.\",\"breadcrumb\":{\"@id\":\"https:\/\/www.lidomarini.net\/#breadcrumb\"},\"inLanguage\":\"it-IT\",\"potentialAction\":[{\"@type\":\"ReadAction\",\"target\":[\"https:\/\/www.lidomarini.net\/\"]}]},{\"@type\":\"ImageObject\",\"inLanguage\":\"it-IT\",\"@id\":\"https:\/\/www.lidomarini.net\/#primaryimage\",\"url\":\"http:\/\/www.lidomarini.net\/wp-content\/uploads\/2009\/08\/lido-marini-04-300x200.jpg\",\"contentUrl\":\"http:\/\/www.lidomarini.net\/wp-content\/uploads\/2009\/08\/lido-marini-04-300x200.jpg\"},{\"@type\":\"BreadcrumbList\",\"@id\":\"https:\/\/www.lidomarini.net\/#breadcrumb\",\"itemListElement\":[{\"@type\":\"ListItem\",\"position\":1,\"name\":\"Home\",\"item\":\"https:\/\/www.lidomarini.net\/\"},{\"@type\":\"ListItem\",\"position\":2,\"name\":\"Lido Marini\"}]},{\"@type\":\"WebSite\",\"@id\":\"https:\/\/www.lidomarini.net\/#website\",\"url\":\"https:\/\/www.lidomarini.net\/\",\"name\":\"Lido Marini nel Salento\",\"description\":\"Una guida per le vostre vacanze a Lido Marini marina di Ugento Puglia.\",\"potentialAction\":[{\"@type\":\"SearchAction\",\"target\":{\"@type\":\"EntryPoint\",\"urlTemplate\":\"https:\/\/www.lidomarini.net\/?s={search_term_string}\"},\"query-input\":{\"@type\":\"PropertyValueSpecification\",\"valueRequired\":true,\"valueName\":\"search_term_string\"}}],\"inLanguage\":\"it-IT\"}]}<\/script>\n<!-- \/ Yoast SEO plugin. -->","yoast_head_json":{"title":"Lido Marini","description":"Nel tratto di costa ionica che da Santa Maria di Leuca porta a Gallipoli, si incontrano olte localit\u00e0 apprezzate dai turisti in cerca di luoghi incantevoli in cui trascorrere le vacanze nel Salento. Tra Torre Pali e Torre Mozza incontriamo Lido Marini, una delle prime marine di Ugento, bella localit\u00e0 balneare caratterizzata da una splendida distesa di sabbia fine.","robots":{"index":"index","follow":"follow","max-snippet":"max-snippet:-1","max-image-preview":"max-image-preview:large","max-video-preview":"max-video-preview:-1"},"canonical":"https:\/\/www.lidomarini.net\/","og_locale":"it_IT","og_type":"article","og_title":"Lido Marini","og_description":"Nel tratto di costa ionica che da Santa Maria di Leuca porta a Gallipoli, si incontrano olte localit\u00e0 apprezzate dai turisti in cerca di luoghi incantevoli in cui trascorrere le vacanze nel Salento. Tra Torre Pali e Torre Mozza incontriamo Lido Marini, una delle prime marine di Ugento, bella localit\u00e0 balneare caratterizzata da una splendida distesa di sabbia fine.","og_url":"https:\/\/www.lidomarini.net\/","og_site_name":"Lido Marini nel Salento","article_modified_time":"2019-10-18T11:16:31+00:00","og_image":[{"url":"http:\/\/www.lidomarini.net\/wp-content\/uploads\/2009\/08\/lido-marini-04-300x200.jpg","type":"","width":"","height":""}],"twitter_card":"summary_large_image","twitter_misc":{"Tempo di lettura stimato":"2 minuti"},"schema":{"@context":"https:\/\/schema.org","@graph":[{"@type":"WebPage","@id":"https:\/\/www.lidomarini.net\/","url":"https:\/\/www.lidomarini.net\/","name":"Lido Marini","isPartOf":{"@id":"https:\/\/www.lidomarini.net\/#website"},"primaryImageOfPage":{"@id":"https:\/\/www.lidomarini.net\/#primaryimage"},"image":{"@id":"https:\/\/www.lidomarini.net\/#primaryimage"},"thumbnailUrl":"http:\/\/www.lidomarini.net\/wp-content\/uploads\/2009\/08\/lido-marini-04-300x200.jpg","datePublished":"2009-08-09T20:27:01+00:00","dateModified":"2019-10-18T11:16:31+00:00","description":"Nel tratto di costa ionica che da Santa Maria di Leuca porta a Gallipoli, si incontrano olte localit\u00e0 apprezzate dai turisti in cerca di luoghi incantevoli in cui trascorrere le vacanze nel Salento. Tra Torre Pali e Torre Mozza incontriamo Lido Marini, una delle prime marine di Ugento, bella localit\u00e0 balneare caratterizzata da una splendida distesa di sabbia fine.","breadcrumb":{"@id":"https:\/\/www.lidomarini.net\/#breadcrumb"},"inLanguage":"it-IT","potentialAction":[{"@type":"ReadAction","target":["https:\/\/www.lidomarini.net\/"]}]},{"@type":"ImageObject","inLanguage":"it-IT","@id":"https:\/\/www.lidomarini.net\/#primaryimage","url":"http:\/\/www.lidomarini.net\/wp-content\/uploads\/2009\/08\/lido-marini-04-300x200.jpg","contentUrl":"http:\/\/www.lidomarini.net\/wp-content\/uploads\/2009\/08\/lido-marini-04-300x200.jpg"},{"@type":"BreadcrumbList","@id":"https:\/\/www.lidomarini.net\/#breadcrumb","itemListElement":[{"@type":"ListItem","position":1,"name":"Home","item":"https:\/\/www.lidomarini.net\/"},{"@type":"ListItem","position":2,"name":"Lido Marini"}]},{"@type":"WebSite","@id":"https:\/\/www.lidomarini.net\/#website","url":"https:\/\/www.lidomarini.net\/","name":"Lido Marini nel Salento","description":"Una guida per le vostre vacanze a Lido Marini marina di Ugento Puglia.","potentialAction":[{"@type":"SearchAction","target":{"@type":"EntryPoint","urlTemplate":"https:\/\/www.lidomarini.net\/?s={search_term_string}"},"query-input":{"@type":"PropertyValueSpecification","valueRequired":true,"valueName":"search_term_string"}}],"inLanguage":"it-IT"}]}},"_links":{"self":[{"href":"https:\/\/www.lidomarini.net\/index.php\/wp-json\/wp\/v2\/pages\/3","targetHints":{"allow":["GET"]}}],"collection":[{"href":"https:\/\/www.lidomarini.net\/index.php\/wp-json\/wp\/v2\/pages"}],"about":[{"href":"https:\/\/www.lidomarini.net\/index.php\/wp-json\/wp\/v2\/types\/page"}],"author":[{"embeddable":true,"href":"https:\/\/www.lidomarini.net\/index.php\/wp-json\/wp\/v2\/users\/4"}],"replies":[{"embeddable":true,"href":"https:\/\/www.lidomarini.net\/index.php\/wp-json\/wp\/v2\/comments?post=3"}],"version-history":[{"count":0,"href":"https:\/\/www.lidomarini.net\/index.php\/wp-json\/wp\/v2\/pages\/3\/revisions"}],"wp:attachment":[{"href":"https:\/\/www.lidomarini.net\/index.php\/wp-json\/wp\/v2\/media?parent=3"}],"curies":[{"name":"wp","href":"https:\/\/api.w.org\/{rel}","templated":true}]}}